{"id":15457,"date":"2021-06-12T15:04:55","date_gmt":"2021-06-12T15:04:55","guid":{"rendered":"http:\/\/gootatravel.com\/why-choose-us\/"},"modified":"2022-09-15T14:30:59","modified_gmt":"2022-09-15T14:30:59","slug":"de-ce-sa-ne-alegeti","status":"publish","type":"page","link":"https:\/\/gootatravel.com\/ro\/de-ce-sa-ne-alegeti\/","title":{"rendered":"De ce s\u0103 ne alege\u021bi?"},"content":{"rendered":"<p>[vc_row][vc_column width=&#8221;2\/3&#8243;][vc_empty_space][vc_column_text]<\/p>\n<p>Toate excursiile Palma Tours sunt special concepute pentru a satisface nevoile \u0219i bugetul clien\u021bilor no\u0219tri. Personalul nostru dedicat lucreaz\u0103 neobosit pentru a se asigura c\u0103 oaspe\u021bii no\u0219tri se bucur\u0103 de priveli\u0219tile minunate, cultura \u0219i istoria Egiptului. Palma Tours ofer\u0103 op\u021biuni incredibile pentru a v\u0103 permite s\u0103 explora\u021bi minunile pe care Egiptul le are de oferit. Echipa noastr\u0103 dedicat\u0103 poate aranja orice pachet turistic pe care \u00eel dori\u021bi de la explorarea marilor piramide din Giza, Muzeul Na\u021bional, Templul Karnak, Templul Reginei Hatshepsut sau renumitele morminte t\u0103iate \u00een st\u00e2nc\u0103 din Valea Regilor, inclusiv faimosul morm\u00e2nt al lui. Tutankhamon.<\/p>\n<p>&nbsp;<\/p>\n<p>Pute\u021bi decide c\u0103 dori\u021bi s\u0103 experimenta\u021bi un safari \u00een de\u0219ert 4\u00d74 sau s\u0103 face\u021bi o excursie cu o barc\u0103 pe Marea Ro\u0219ie pentru a \u00eencerca snorkelling sau scuba diving &#8211; oricare a\u021bi alege, pute\u021bi fi sigur c\u0103 noi, cei de la Palma Tours, v\u0103 vom asigura c\u0103 ave\u021bi un vacanta memorabila in Egipt.<\/p>\n<p>[\/vc_column_text][\/vc_column][vc_column width=&#8221;1\/3&#8243;][vc_empty_space][vc_single_image image=&#8221;14854&#8243; img_size=&#8221;medium&#8221;][\/vc_column][\/vc_row][vc_row][vc_column width=&#8221;1\/2&#8243;][vc_column_text]<\/p>\n<div id=\"TA_selfserveprop714\" class=\"TA_selfserveprop\">\n<ul id=\"Htp5Za\" class=\"TA_links pJ6PkEdN\">\n<li id=\"v5uXq0uIIQ\" class=\"yqGZq5\"><a href=\"https:\/\/www.tripadvisor.com\/Attraction_Review-g297549-d23733776-Reviews-Palma_Tours_Hurghada-Hurghada_Red_Sea_and_Sinai.html\" target=\"_blank\" rel=\"noopener\"><img loading=\"lazy\" decoding=\"async\" class=\"\" src=\"https:\/\/www.tripadvisor.com\/img\/cdsi\/img2\/branding\/v2\/Tripadvisor_lockup_horizontal_secondary_registered-11900-2.svg\" alt=\"TripAdvisor\" width=\"132\" height=\"28\" \/><\/a><\/li>\n<\/ul>\n<\/div>\n<p><script async src=\"https:\/\/www.jscache.com\/wejs?wtype=selfserveprop&amp;uniq=714&amp;locationId=23733776&amp;lang=en_US&amp;rating=true&amp;nreviews=4&amp;writereviewlink=true&amp;popIdx=true&amp;iswide=true&amp;border=true&amp;display_version=2\" data-loadtrk onload=\"this.loadtrk=true\"><\/script>[\/vc_column_text][\/vc_column][vc_column width=&#8221;1\/2&#8243;][\/vc_column][\/vc_row]<\/p>\n","protected":false},"excerpt":{"rendered":"<p>[vc_row][vc_column width=&#8221;2\/3&#8243;][vc_empty_space][vc_column_text] Toate excursiile Palma Tours sunt special concepute pentru a satisface nevoile \u0219i bugetul clien\u021bilor no\u0219tri. Personalul nostru dedicat lucreaz\u0103 neobosit pentru a se asigura c\u0103 oaspe\u021bii no\u0219tri se bucur\u0103 de priveli\u0219tile minunate, cultura \u0219i istoria Egiptului. Palma Tours ofer\u0103 op\u021biuni incredibile pentru a v\u0103 permite s\u0103 explora\u021bi minunile pe care Egiptul le are [&hellip;]<\/p>\n","protected":false},"author":2,"featured_media":14858,"parent":0,"menu_order":0,"comment_status":"closed","ping_status":"closed","template":"template-home-modern.php","meta":{"_monsterinsights_skip_tracking":false,"_monsterinsights_sitenote_active":false,"_monsterinsights_sitenote_note":"","_monsterinsights_sitenote_category":0,"footnotes":""},"categories":[],"tags":[],"class_list":["post-15457","page","type-page","status-publish","has-post-thumbnail","hentry"],"yoast_head":"<!-- This site is optimized with the Yoast SEO Premium plugin v19.5 (Yoast SEO v27.0) - https:\/\/yoast.com\/product\/yoast-seo-premium-wordpress\/ -->\n<title>De ce s\u0103 ne alege\u021bi? - Goota Travel<\/title>\n<meta name=\"description\" content=\"Excursiile Palma Tours sunt concepute pentru a satisface nevoile \u0219i bugetul clien\u021bilor no\u0219tri. Palma Tours face tot posibilul pentru a v\u0103 ajuta s\u0103 descoperi\u021bi cele mai bune p\u0103r\u021bi ale Egiptului.\" \/>\n<meta name=\"robots\" content=\"index, follow, max-snippet:-1, max-image-preview:large, max-video-preview:-1\" \/>\n<link rel=\"canonical\" href=\"https:\/\/gootatravel.com\/ro\/de-ce-sa-ne-alegeti\/\" \/>\n<meta property=\"og:locale\" content=\"ro_RO\" \/>\n<meta property=\"og:type\" content=\"article\" \/>\n<meta property=\"og:title\" content=\"De ce s\u0103 ne alege\u021bi?\" \/>\n<meta property=\"og:description\" content=\"Toate excursiile Palma Tours sunt special concepute pentru a satisface nevoile \u0219i bugetul clien\u021bilor no\u0219tri. Personalul nostru dedicat lucreaz\u0103 neobosit\" \/>\n<meta property=\"og:url\" content=\"https:\/\/gootatravel.com\/ro\/de-ce-sa-ne-alegeti\/\" \/>\n<meta property=\"og:site_name\" content=\"Goota Travel\" \/>\n<meta property=\"article:publisher\" content=\"https:\/\/www.facebook.com\/palmatourshurghada\" \/>\n<meta property=\"article:modified_time\" content=\"2022-09-15T14:30:59+00:00\" \/>\n<meta property=\"og:image\" content=\"https:\/\/gootatravel.com\/wp-content\/uploads\/2022\/08\/why-you-choose-Palma-Tours-Hurghada.jpg\" \/>\n\t<meta property=\"og:image:width\" content=\"2560\" \/>\n\t<meta property=\"og:image:height\" content=\"1156\" \/>\n\t<meta property=\"og:image:type\" content=\"image\/jpeg\" \/>\n<meta name=\"twitter:card\" content=\"summary_large_image\" \/>\n<meta name=\"twitter:site\" content=\"@palmatoursH\" \/>\n<meta name=\"twitter:label1\" content=\"Timp estimat pentru citire\" \/>\n\t<meta name=\"twitter:data1\" content=\"1 minut\" \/>\n<script type=\"application\/ld+json\" class=\"yoast-schema-graph\">{\"@context\":\"https:\/\/schema.org\",\"@graph\":[{\"@type\":\"WebPage\",\"@id\":\"https:\/\/gootatravel.com\/ro\/de-ce-sa-ne-alegeti\/\",\"url\":\"https:\/\/gootatravel.com\/ro\/de-ce-sa-ne-alegeti\/\",\"name\":\"De ce s\u0103 ne alege\u021bi? - Goota Travel\",\"isPartOf\":{\"@id\":\"https:\/\/gootatravel.com\/#website\"},\"primaryImageOfPage\":{\"@id\":\"https:\/\/gootatravel.com\/ro\/de-ce-sa-ne-alegeti\/#primaryimage\"},\"image\":{\"@id\":\"https:\/\/gootatravel.com\/ro\/de-ce-sa-ne-alegeti\/#primaryimage\"},\"thumbnailUrl\":\"https:\/\/gootatravel.com\/wp-content\/uploads\/2022\/08\/why-you-choose-Palma-Tours-Hurghada.jpg\",\"datePublished\":\"2021-06-12T15:04:55+00:00\",\"dateModified\":\"2022-09-15T14:30:59+00:00\",\"description\":\"Excursiile Palma Tours sunt concepute pentru a satisface nevoile \u0219i bugetul clien\u021bilor no\u0219tri. Palma Tours face tot posibilul pentru a v\u0103 ajuta s\u0103 descoperi\u021bi cele mai bune p\u0103r\u021bi ale Egiptului.\",\"breadcrumb\":{\"@id\":\"https:\/\/gootatravel.com\/ro\/de-ce-sa-ne-alegeti\/#breadcrumb\"},\"inLanguage\":\"ro-RO\",\"potentialAction\":[{\"@type\":\"ReadAction\",\"target\":[\"https:\/\/gootatravel.com\/ro\/de-ce-sa-ne-alegeti\/\"]}]},{\"@type\":\"ImageObject\",\"inLanguage\":\"ro-RO\",\"@id\":\"https:\/\/gootatravel.com\/ro\/de-ce-sa-ne-alegeti\/#primaryimage\",\"url\":\"https:\/\/gootatravel.com\/wp-content\/uploads\/2022\/08\/why-you-choose-Palma-Tours-Hurghada.jpg\",\"contentUrl\":\"https:\/\/gootatravel.com\/wp-content\/uploads\/2022\/08\/why-you-choose-Palma-Tours-Hurghada.jpg\",\"width\":2560,\"height\":1156},{\"@type\":\"BreadcrumbList\",\"@id\":\"https:\/\/gootatravel.com\/ro\/de-ce-sa-ne-alegeti\/#breadcrumb\",\"itemListElement\":[{\"@type\":\"ListItem\",\"position\":1,\"name\":\"Home\",\"item\":\"https:\/\/gootatravel.com\/ro\/\"},{\"@type\":\"ListItem\",\"position\":2,\"name\":\"De ce s\u0103 ne alege\u021bi?\"}]},{\"@type\":\"WebSite\",\"@id\":\"https:\/\/gootatravel.com\/#website\",\"url\":\"https:\/\/gootatravel.com\/\",\"name\":\"Goota Travel\",\"description\":\"\",\"publisher\":{\"@id\":\"https:\/\/gootatravel.com\/#organization\"},\"potentialAction\":[{\"@type\":\"SearchAction\",\"target\":{\"@type\":\"EntryPoint\",\"urlTemplate\":\"https:\/\/gootatravel.com\/?s={search_term_string}\"},\"query-input\":{\"@type\":\"PropertyValueSpecification\",\"valueRequired\":true,\"valueName\":\"search_term_string\"}}],\"inLanguage\":\"ro-RO\"},{\"@type\":[\"Organization\",\"Place\",\"TravelAgency\"],\"@id\":\"https:\/\/gootatravel.com\/#organization\",\"name\":\"Palma Tours Hurghada\",\"url\":\"https:\/\/gootatravel.com\/\",\"logo\":{\"@id\":\"https:\/\/gootatravel.com\/ro\/de-ce-sa-ne-alegeti\/#local-main-organization-logo\"},\"image\":{\"@id\":\"https:\/\/gootatravel.com\/ro\/de-ce-sa-ne-alegeti\/#local-main-organization-logo\"},\"sameAs\":[\"https:\/\/www.facebook.com\/palmatourshurghada\",\"https:\/\/x.com\/palmatoursH\",\"https:\/\/www.instagram.com\/palmatourshurghada\/\"],\"address\":{\"@id\":\"https:\/\/gootatravel.com\/ro\/de-ce-sa-ne-alegeti\/#local-main-place-address\"},\"telephone\":[\"00201111451338\",\"00201028685533\"],\"openingHoursSpecification\":{\"@type\":\"OpeningHoursSpecification\",\"dayOfWeek\":[\"Monday\",\"Tuesday\",\"Wednesday\",\"Thursday\",\"Friday\",\"Saturday\",\"Sunday\"],\"opens\":\"00:00\",\"closes\":\"23:59\"},\"email\":\"info@gootatravel.com\",\"areaServed\":\"Red Sea\",\"priceRange\":\"$\",\"currenciesAccepted\":\"Dollars, Euros, Egyptian Pounds, English Pounds\",\"paymentAccepted\":\"Cash, Bank transfer, Paymob, Gedia\"},{\"@type\":\"PostalAddress\",\"@id\":\"https:\/\/gootatravel.com\/ro\/de-ce-sa-ne-alegeti\/#local-main-place-address\",\"streetAddress\":\"Al Mohamadi Hiwedak street, Hurghada\",\"addressLocality\":\"Hurghada\",\"postalCode\":\"84517\",\"addressRegion\":\"Egypt\",\"addressCountry\":\"EG\"},{\"@type\":\"ImageObject\",\"inLanguage\":\"ro-RO\",\"@id\":\"https:\/\/gootatravel.com\/ro\/de-ce-sa-ne-alegeti\/#local-main-organization-logo\",\"url\":\"https:\/\/gootatravel.com\/wp-content\/uploads\/2019\/05\/LOGO-1.png\",\"contentUrl\":\"https:\/\/gootatravel.com\/wp-content\/uploads\/2019\/05\/LOGO-1.png\",\"width\":4000,\"height\":4000,\"caption\":\"Palma Tours Hurghada\"}]}<\/script>\n<meta name=\"geo.placename\" content=\"Hurghada\" \/>\n<meta name=\"geo.region\" content=\"Egipt\" \/>\n<!-- \/ Yoast SEO Premium plugin. -->","yoast_head_json":{"title":"De ce s\u0103 ne alege\u021bi? - Goota Travel","description":"Excursiile Palma Tours sunt concepute pentru a satisface nevoile \u0219i bugetul clien\u021bilor no\u0219tri. Palma Tours face tot posibilul pentru a v\u0103 ajuta s\u0103 descoperi\u021bi cele mai bune p\u0103r\u021bi ale Egiptului.","robots":{"index":"index","follow":"follow","max-snippet":"max-snippet:-1","max-image-preview":"max-image-preview:large","max-video-preview":"max-video-preview:-1"},"canonical":"https:\/\/gootatravel.com\/ro\/de-ce-sa-ne-alegeti\/","og_locale":"ro_RO","og_type":"article","og_title":"De ce s\u0103 ne alege\u021bi?","og_description":"Toate excursiile Palma Tours sunt special concepute pentru a satisface nevoile \u0219i bugetul clien\u021bilor no\u0219tri. Personalul nostru dedicat lucreaz\u0103 neobosit","og_url":"https:\/\/gootatravel.com\/ro\/de-ce-sa-ne-alegeti\/","og_site_name":"Goota Travel","article_publisher":"https:\/\/www.facebook.com\/palmatourshurghada","article_modified_time":"2022-09-15T14:30:59+00:00","og_image":[{"width":2560,"height":1156,"url":"https:\/\/gootatravel.com\/wp-content\/uploads\/2022\/08\/why-you-choose-Palma-Tours-Hurghada.jpg","type":"image\/jpeg"}],"twitter_card":"summary_large_image","twitter_site":"@palmatoursH","twitter_misc":{"Timp estimat pentru citire":"1 minut"},"schema":{"@context":"https:\/\/schema.org","@graph":[{"@type":"WebPage","@id":"https:\/\/gootatravel.com\/ro\/de-ce-sa-ne-alegeti\/","url":"https:\/\/gootatravel.com\/ro\/de-ce-sa-ne-alegeti\/","name":"De ce s\u0103 ne alege\u021bi? - Goota Travel","isPartOf":{"@id":"https:\/\/gootatravel.com\/#website"},"primaryImageOfPage":{"@id":"https:\/\/gootatravel.com\/ro\/de-ce-sa-ne-alegeti\/#primaryimage"},"image":{"@id":"https:\/\/gootatravel.com\/ro\/de-ce-sa-ne-alegeti\/#primaryimage"},"thumbnailUrl":"https:\/\/gootatravel.com\/wp-content\/uploads\/2022\/08\/why-you-choose-Palma-Tours-Hurghada.jpg","datePublished":"2021-06-12T15:04:55+00:00","dateModified":"2022-09-15T14:30:59+00:00","description":"Excursiile Palma Tours sunt concepute pentru a satisface nevoile \u0219i bugetul clien\u021bilor no\u0219tri. Palma Tours face tot posibilul pentru a v\u0103 ajuta s\u0103 descoperi\u021bi cele mai bune p\u0103r\u021bi ale Egiptului.","breadcrumb":{"@id":"https:\/\/gootatravel.com\/ro\/de-ce-sa-ne-alegeti\/#breadcrumb"},"inLanguage":"ro-RO","potentialAction":[{"@type":"ReadAction","target":["https:\/\/gootatravel.com\/ro\/de-ce-sa-ne-alegeti\/"]}]},{"@type":"ImageObject","inLanguage":"ro-RO","@id":"https:\/\/gootatravel.com\/ro\/de-ce-sa-ne-alegeti\/#primaryimage","url":"https:\/\/gootatravel.com\/wp-content\/uploads\/2022\/08\/why-you-choose-Palma-Tours-Hurghada.jpg","contentUrl":"https:\/\/gootatravel.com\/wp-content\/uploads\/2022\/08\/why-you-choose-Palma-Tours-Hurghada.jpg","width":2560,"height":1156},{"@type":"BreadcrumbList","@id":"https:\/\/gootatravel.com\/ro\/de-ce-sa-ne-alegeti\/#breadcrumb","itemListElement":[{"@type":"ListItem","position":1,"name":"Home","item":"https:\/\/gootatravel.com\/ro\/"},{"@type":"ListItem","position":2,"name":"De ce s\u0103 ne alege\u021bi?"}]},{"@type":"WebSite","@id":"https:\/\/gootatravel.com\/#website","url":"https:\/\/gootatravel.com\/","name":"Goota Travel","description":"","publisher":{"@id":"https:\/\/gootatravel.com\/#organization"},"potentialAction":[{"@type":"SearchAction","target":{"@type":"EntryPoint","urlTemplate":"https:\/\/gootatravel.com\/?s={search_term_string}"},"query-input":{"@type":"PropertyValueSpecification","valueRequired":true,"valueName":"search_term_string"}}],"inLanguage":"ro-RO"},{"@type":["Organization","Place","TravelAgency"],"@id":"https:\/\/gootatravel.com\/#organization","name":"Palma Tours Hurghada","url":"https:\/\/gootatravel.com\/","logo":{"@id":"https:\/\/gootatravel.com\/ro\/de-ce-sa-ne-alegeti\/#local-main-organization-logo"},"image":{"@id":"https:\/\/gootatravel.com\/ro\/de-ce-sa-ne-alegeti\/#local-main-organization-logo"},"sameAs":["https:\/\/www.facebook.com\/palmatourshurghada","https:\/\/x.com\/palmatoursH","https:\/\/www.instagram.com\/palmatourshurghada\/"],"address":{"@id":"https:\/\/gootatravel.com\/ro\/de-ce-sa-ne-alegeti\/#local-main-place-address"},"telephone":["00201111451338","00201028685533"],"openingHoursSpecification":{"@type":"OpeningHoursSpecification","dayOfWeek":["Monday","Tuesday","Wednesday","Thursday","Friday","Saturday","Sunday"],"opens":"00:00","closes":"23:59"},"email":"info@gootatravel.com","areaServed":"Red Sea","priceRange":"$","currenciesAccepted":"Dollars, Euros, Egyptian Pounds, English Pounds","paymentAccepted":"Cash, Bank transfer, Paymob, Gedia"},{"@type":"PostalAddress","@id":"https:\/\/gootatravel.com\/ro\/de-ce-sa-ne-alegeti\/#local-main-place-address","streetAddress":"Al Mohamadi Hiwedak street, Hurghada","addressLocality":"Hurghada","postalCode":"84517","addressRegion":"Egypt","addressCountry":"EG"},{"@type":"ImageObject","inLanguage":"ro-RO","@id":"https:\/\/gootatravel.com\/ro\/de-ce-sa-ne-alegeti\/#local-main-organization-logo","url":"https:\/\/gootatravel.com\/wp-content\/uploads\/2019\/05\/LOGO-1.png","contentUrl":"https:\/\/gootatravel.com\/wp-content\/uploads\/2019\/05\/LOGO-1.png","width":4000,"height":4000,"caption":"Palma Tours Hurghada"}]},"geo.placename":"Hurghada","geo.region":"Egipt"},"_links":{"self":[{"href":"https:\/\/gootatravel.com\/ro\/wp-json\/wp\/v2\/pages\/15457","targetHints":{"allow":["GET"]}}],"collection":[{"href":"https:\/\/gootatravel.com\/ro\/wp-json\/wp\/v2\/pages"}],"about":[{"href":"https:\/\/gootatravel.com\/ro\/wp-json\/wp\/v2\/types\/page"}],"author":[{"embeddable":true,"href":"https:\/\/gootatravel.com\/ro\/wp-json\/wp\/v2\/users\/2"}],"replies":[{"embeddable":true,"href":"https:\/\/gootatravel.com\/ro\/wp-json\/wp\/v2\/comments?post=15457"}],"version-history":[{"count":2,"href":"https:\/\/gootatravel.com\/ro\/wp-json\/wp\/v2\/pages\/15457\/revisions"}],"predecessor-version":[{"id":15458,"href":"https:\/\/gootatravel.com\/ro\/wp-json\/wp\/v2\/pages\/15457\/revisions\/15458"}],"wp:featuredmedia":[{"embeddable":true,"href":"https:\/\/gootatravel.com\/ro\/wp-json\/wp\/v2\/media\/14858"}],"wp:attachment":[{"href":"https:\/\/gootatravel.com\/ro\/wp-json\/wp\/v2\/media?parent=15457"}],"wp:term":[{"taxonomy":"category","embeddable":true,"href":"https:\/\/gootatravel.com\/ro\/wp-json\/wp\/v2\/categories?post=15457"},{"taxonomy":"post_tag","embeddable":true,"href":"https:\/\/gootatravel.com\/ro\/wp-json\/wp\/v2\/tags?post=15457"}],"curies":[{"name":"wp","href":"https:\/\/api.w.org\/{rel}","templated":true}]}}